{"id":1376,"date":"2019-07-15T16:42:13","date_gmt":"2019-07-15T14:42:13","guid":{"rendered":"https:\/\/www.tourisme-saverne.fr\/?page_id=1376"},"modified":"2026-04-30T09:51:57","modified_gmt":"2026-04-30T07:51:57","slug":"kontakt","status":"publish","type":"page","link":"https:\/\/www.tourisme-saverne.fr\/de\/kontakt\/","title":{"rendered":"Kontakt &amp; \u00d6ffnungszeiten"},"content":{"rendered":"\n<h2 class=\"wp-block-heading has-text-align-center\">Sie haben Fragen oder Anmerkungen?<\/h2>\n\n\n\n<div class=\"wpcf7 no-js\" id=\"wpcf7-f1575-o1\" lang=\"fr-FR\" dir=\"ltr\" data-wpcf7-id=\"1575\">\n<div class=\"screen-reader-response\"><p role=\"status\" aria-live=\"polite\" aria-atomic=\"true\"><\/p> <ul><\/ul><\/div>\n<form action=\"\/de\/wp-json\/wp\/v2\/pages\/1376#wpcf7-f1575-o1\" method=\"post\" class=\"wpcf7-form init\" aria-label=\"Formulaire de contact\" novalidate=\"novalidate\" data-status=\"init\">\n<fieldset class=\"hidden-fields-container\"><input type=\"hidden\" name=\"_wpcf7\" value=\"1575\" \/><input type=\"hidden\" name=\"_wpcf7_version\" value=\"6.1.3\" \/><input type=\"hidden\" name=\"_wpcf7_locale\" value=\"fr_FR\" \/><input type=\"hidden\" name=\"_wpcf7_unit_tag\" value=\"wpcf7-f1575-o1\" \/><input type=\"hidden\" name=\"_wpcf7_container_post\" value=\"0\" \/><input type=\"hidden\" name=\"_wpcf7_posted_data_hash\" value=\"\" \/><input type=\"hidden\" name=\"_wpcf7cf_hidden_group_fields\" value=\"[]\" \/><input type=\"hidden\" name=\"_wpcf7cf_hidden_groups\" value=\"[]\" \/><input type=\"hidden\" name=\"_wpcf7cf_visible_groups\" value=\"[]\" \/><input type=\"hidden\" name=\"_wpcf7cf_repeaters\" value=\"[]\" \/><input type=\"hidden\" name=\"_wpcf7cf_steps\" value=\"{}\" \/><input type=\"hidden\" name=\"_wpcf7cf_options\" value=\"{&quot;form_id&quot;:1575,&quot;conditions&quot;:[],&quot;settings&quot;:{&quot;animation&quot;:&quot;yes&quot;,&quot;animation_intime&quot;:200,&quot;animation_outtime&quot;:200,&quot;conditions_ui&quot;:&quot;normal&quot;,&quot;notice_dismissed&quot;:false,&quot;notice_dismissed_rollback-cf7-5.7.4&quot;:true,&quot;notice_dismissed_update-cf7-6.1.3&quot;:true}}\" \/>\n<\/fieldset>\n<div class=\"form-group\">\n\t<p><label for=\"lastname\">Name*<\/label><span class=\"wpcf7-form-control-wrap\" data-name=\"lastname\"><input size=\"40\" maxlength=\"400\" class=\"wpcf7-form-control wpcf7-text wpcf7-validates-as-required form-control\" aria-required=\"true\" aria-invalid=\"false\" value=\"\" type=\"text\" name=\"lastname\" \/><\/span>\n\t<\/p>\n<\/div>\n<div class=\"form-group\">\n\t<p><label for=\"firstname\">Vorname*<\/label><span class=\"wpcf7-form-control-wrap\" data-name=\"firstname\"><input size=\"40\" maxlength=\"400\" class=\"wpcf7-form-control wpcf7-text wpcf7-validates-as-required form-control\" aria-required=\"true\" aria-invalid=\"false\" value=\"\" type=\"text\" name=\"firstname\" \/><\/span>\n\t<\/p>\n<\/div>\n<div class=\"form-group\">\n\t<p><label for=\"email\">E-Mail*<\/label><span class=\"wpcf7-form-control-wrap\" data-name=\"email\"><input size=\"40\" maxlength=\"400\" class=\"wpcf7-form-control wpcf7-email wpcf7-validates-as-required wpcf7-text wpcf7-validates-as-email form-control\" aria-required=\"true\" aria-invalid=\"false\" value=\"\" type=\"email\" name=\"email\" \/><\/span>\n\t<\/p>\n<\/div>\n<div class=\"form-group\">\n\t<p><label for=\"phone\">Telefon*<\/label><span class=\"wpcf7-form-control-wrap\" data-name=\"phone\"><input size=\"40\" maxlength=\"400\" class=\"wpcf7-form-control wpcf7-tel wpcf7-validates-as-required wpcf7-text wpcf7-validates-as-tel form-control\" aria-required=\"true\" aria-invalid=\"false\" value=\"\" type=\"tel\" name=\"phone\" \/><\/span>\n\t<\/p>\n<\/div>\n<div class=\"form-group\">\n\t<p><label for=\"email\">Betreff*<\/label><span class=\"wpcf7-form-control-wrap\" data-name=\"subject\"><input size=\"40\" maxlength=\"400\" class=\"wpcf7-form-control wpcf7-text wpcf7-validates-as-required form-control\" aria-required=\"true\" aria-invalid=\"false\" value=\"\" type=\"text\" name=\"subject\" \/><\/span>\n\t<\/p>\n<\/div>\n<div class=\"form-group\">\n\t<p><label for=\"message\">Nachricht*<\/label><span class=\"wpcf7-form-control-wrap\" data-name=\"message\"><textarea cols=\"40\" rows=\"10\" maxlength=\"2000\" class=\"wpcf7-form-control wpcf7-textarea wpcf7-validates-as-required form-control\" aria-required=\"true\" aria-invalid=\"false\" name=\"message\"><\/textarea><\/span>\n\t<\/p>\n<\/div>\n<p><span class=\"wpcf7-form-control-wrap\" data-name=\"rgpd\"><span class=\"wpcf7-form-control wpcf7-checkbox wpcf7-validates-as-required\"><span class=\"wpcf7-list-item first last\"><input type=\"checkbox\" name=\"rgpd[]\" value=\"Durch das Ausf\u00fcllen dieses Formulars akzeptieren Sie, dass wir Ihre Daten \u00fcber diese Seite speichern und verarbeiten.*\" \/><span class=\"wpcf7-list-item-label\">Durch das Ausf\u00fcllen dieses Formulars akzeptieren Sie, dass wir Ihre Daten \u00fcber diese Seite speichern und verarbeiten.*<\/span><\/span><\/span><\/span><br \/>\n\n\t\t<div class=\"la-sentinelle-container\" style=\"max-height:0;overflow:hidden;\" hidden=\"true\" aria-hidden=\"true\">\n\t\t\n\t\t<input value=\"\" type=\"text\" name=\"la_sentinelle_3e742fdda6a57a902afaf57cf7022a99\" class=\"la_sentinelle_3e742fdda6a57a902afaf57cf7022a99\" id=\"la_sentinelle_3e742fdda6a57a902afaf57cf7022a99-1\" placeholder=\"\" style=\"transform: translateY(10000px);\" \/>\n\t\t\n\t\t<input value=\"89\" type=\"text\" name=\"la_sentinelle_8c79cd79a7e1508b42c90e43b95a971e\" class=\"la_sentinelle_8c79cd79a7e1508b42c90e43b95a971e\" id=\"la_sentinelle_8c79cd79a7e1508b42c90e43b95a971e-1\" placeholder=\"\" style=\"transform: translateY(10000px);\" \/>\n\t\t<input value=\"\" type=\"text\" name=\"la_sentinelle_6d78b488df2270435f17b0b8675a940a\" class=\"la_sentinelle_6d78b488df2270435f17b0b8675a940a\" id=\"la_sentinelle_6d78b488df2270435f17b0b8675a940a-1\" placeholder=\"\" style=\"transform: translateY(10000px);\" \/>\n\t\t<input value=\"MjE2LjczLjIxNi4xMQ==\" type=\"text\" name=\"la_sentinelle_2173b83ea2ef8ac8687d8b6fef446c9f\" class=\"la_sentinelle_2173b83ea2ef8ac8687d8b6fef446c9f\" id=\"la_sentinelle_2173b83ea2ef8ac8687d8b6fef446c9f-1\" placeholder=\"\" style=\"transform: translateY(10000px);\" \/>\n\t<input type=\"text\" class=\"la_sentinelle_93485aa9f12935904d16a53dc4bc7410\" id=\"la_sentinelle_93485aa9f12935904d16a53dc4bc7410-1\" name=\"la_sentinelle_93485aa9f12935904d16a53dc4bc7410\" value=\"c80a964928\" style=\"transform: translateY(10000px);\" \/>\n\t\t\n\t\t<input value=\"89\" type=\"text\" name=\"la_sentinelle_5f16b6a8591855e866a80fd1c6de0ebc\" class=\"la_sentinelle_5f16b6a8591855e866a80fd1c6de0ebc\" id=\"la_sentinelle_5f16b6a8591855e866a80fd1c6de0ebc-1\" placeholder=\"\" style=\"transform: translateY(10000px);\" \/>\n\t\t\n\t\t<input value=\"89\" type=\"text\" name=\"la_sentinelle_cb2320af1dbb04f263061fff767e3e82\" class=\"la_sentinelle_cb2320af1dbb04f263061fff767e3e82\" id=\"la_sentinelle_cb2320af1dbb04f263061fff767e3e82-1\" placeholder=\"\" style=\"transform: translateY(10000px);\" \/>\n\t\t<input value=\"MjE2LjczLjIxNi4xMQ==\" type=\"text\" name=\"la_sentinelle_cc9ea14331c99f6c2c3be7d28081b57c\" class=\"la_sentinelle_cc9ea14331c99f6c2c3be7d28081b57c\" id=\"la_sentinelle_cc9ea14331c99f6c2c3be7d28081b57c-1\" placeholder=\"\" style=\"transform: translateY(10000px);\" \/>\n\t\n\t\t\t<input value=\"24419\" type=\"text\" name=\"la_sentinelle_241b12eb523dc7a429f63b29a002f05f\" class=\"la_sentinelle_241b12eb523dc7a429f63b29a002f05f\" id=\"la_sentinelle_241b12eb523dc7a429f63b29a002f05f-1\" placeholder=\"\" style=\"transform: translateY(10000px);\" \/>\n\t\t\t<input value=\"24419\" type=\"text\" name=\"la_sentinelle_1cc2ec6e4218294f6f3d5e053a7feae5\" class=\"la_sentinelle_1cc2ec6e4218294f6f3d5e053a7feae5\" id=\"la_sentinelle_1cc2ec6e4218294f6f3d5e053a7feae5-1\" placeholder=\"\" style=\"transform: translateY(10000px);\" \/>\n\t\t\t\n\t\t<\/div>\n\t\t<div class=\"la-sentinelle-container-nojs-message\">\n\t\t\t<noscript><div class=\"no-js\">Avertissement\u00a0: ce formulaire peut uniquement \u00eatre utilis\u00e9 si JavaScript est activ\u00e9 dans votre navigateur.<\/div><\/noscript>\n\t\t<\/div>\n\t\t\n<\/p>\n<p class=\"text-right\"><input class=\"wpcf7-form-control wpcf7-submit has-spinner btn btn-primary text-uppercase\" type=\"submit\" value=\"Senden\" \/>\n<\/p><div class=\"wpcf7-response-output\" aria-hidden=\"true\"><\/div>\n<\/form>\n<\/div>\n\n\n\n<section id=\"block-intro-block_dcd2f98d52ce54b6122a916910c7c3d5\" class=\"block-g block-opening-hours alignfull\">\r\n    <div class=\"container\">\r\n        <div class=\"content\">\r\n            <h2 class=\"block-title text-center\">\r\n                                <strong>\u00d6ffnungszeiten<\/strong>                            <\/h2>\r\n\r\n                            <div class=\"row  justify-content-center\">\r\n                                            <div class=\"col-12 col-md-6\">\r\n                            <div class=\"bg mb-4\">\r\n                                <div class=\"v-align\">\r\n                                    <h3 class=\"h3 text-center\">Tourismus- und Handelsb\u00fcro<\/h3>\r\n                                    <p class=\"h3 text-center\">Clo\u00eetre des R\u00e9collets<br \/>\r\n4 rue Poincar\u00e9<br \/>\r\nSaverne<\/p>\r\n                                <\/div>\r\n                                                                    <a href=\"tel:+33 (0)3 88 91 80 47\" class=\"phone\">T\u00e9l. +33 (0)3 88 91 80 47<\/a>\r\n                                                            <\/div>\r\n                            <div>\r\n                                                                        <div class=\"hours\">\r\n                                            <h4 class=\"h6\">JANUAR BIS M\u00c4RZ<\/h4>\r\n                                            <p>Dienstag bis Samstag von 9:30 Uhr bis 12:00 Uhr und von 13:30 Uhr bis 17:30 Uhr.<br \/>\r\nMontags, Sonntags und an Feiertagen geschlossen.<\/p>\r\n                                        <\/div>\r\n                                                                            <div class=\"hours\">\r\n                                            <h4 class=\"h6\">APRIL &#038; OKTOBER BIS DEZEMBER<\/h4>\r\n                                            <p>Montag bis Samstag von 9:30 Uhr bis 12:00 Uhr und von 13:30 Uhr bis 17:30 Uhr<br \/>\r\n(24. und 31. Dezember bis 16:00 Uhr).<br \/>\r\nAdventssonntage: 14:00 Uhr bis 18:00 Uhr.<br \/>\r\nAn anderen Sonn- und Feiertagen geschlossen.<\/p>\r\n                                        <\/div>\r\n                                                                            <div class=\"hours\">\r\n                                            <h4 class=\"h6\">MAI BIS SEPTEMBER<\/h4>\r\n                                            <p>Montag bis Samstag von 9:30 Uhr bis 12:00 Uhr und von 13:30 Uhr bis 17:30 Uhr.<br \/>\r\nSonn- und Feiertagen von 9:00 Uhr bis 13:00 Uhr (au\u00dfer am 1. Mai).<\/p>\r\n                                        <\/div>\r\n                                                                <\/div>\r\n                        <\/div>\r\n                                    <\/div>\r\n                        <\/div>\r\n    <\/div>\r\n<\/section>","protected":false},"excerpt":{"rendered":"<p>Sie haben Fragen oder Anmerkungen?<\/p>\n","protected":false},"author":1,"featured_media":0,"parent":0,"menu_order":134,"comment_status":"closed","ping_status":"closed","template":"","meta":{"_seopress_robots_primary_cat":"","_seopress_titles_title":"","_seopress_titles_desc":"","_seopress_robots_index":"","footnotes":""},"class_list":["post-1376","page","type-page","status-publish","hentry"],"acf":[],"_links":{"self":[{"href":"https:\/\/www.tourisme-saverne.fr\/de\/wp-json\/wp\/v2\/pages\/1376","targetHints":{"allow":["GET"]}}],"collection":[{"href":"https:\/\/www.tourisme-saverne.fr\/de\/wp-json\/wp\/v2\/pages"}],"about":[{"href":"https:\/\/www.tourisme-saverne.fr\/de\/wp-json\/wp\/v2\/types\/page"}],"author":[{"embeddable":true,"href":"https:\/\/www.tourisme-saverne.fr\/de\/wp-json\/wp\/v2\/users\/1"}],"replies":[{"embeddable":true,"href":"https:\/\/www.tourisme-saverne.fr\/de\/wp-json\/wp\/v2\/comments?post=1376"}],"version-history":[{"count":36,"href":"https:\/\/www.tourisme-saverne.fr\/de\/wp-json\/wp\/v2\/pages\/1376\/revisions"}],"predecessor-version":[{"id":16150,"href":"https:\/\/www.tourisme-saverne.fr\/de\/wp-json\/wp\/v2\/pages\/1376\/revisions\/16150"}],"wp:attachment":[{"href":"https:\/\/www.tourisme-saverne.fr\/de\/wp-json\/wp\/v2\/media?parent=1376"}],"curies":[{"name":"wp","href":"https:\/\/api.w.org\/{rel}","templated":true}]}}