{"id":1380,"date":"2019-07-15T16:43:17","date_gmt":"2019-07-15T14:43:17","guid":{"rendered":"https:\/\/www.tourisme-saverne.fr\/?page_id=1380"},"modified":"2021-03-03T11:10:51","modified_gmt":"2021-03-03T10:10:51","slug":"gruppen","status":"publish","type":"page","link":"https:\/\/www.tourisme-saverne.fr\/de\/gruppen\/","title":{"rendered":"Gruppen &#038; Business Tourismus"},"content":{"rendered":"<section id=\"block-intro-block_5cd9b30f6f9c6\" class=\"block-g block-intro alignfull\">\r\n    <div class=\"container\">\r\n        <div class=\"content\">\r\n                        <p>Sie sind Reiseveranstalter, Reisebusunternehmer, Mitglied eines Betriebsrates oder eines Vereins? Lassen Sie sich von diesem charmanten Reiseziel begeistern!<br \/>\nBei uns finden Sie verschiedene Angebote f\u00fcr Gruppen: F\u00fchrungen, Ausfl\u00fcge, Aufenthalte, Events&#8230;. und nat\u00fcrlich ma\u00dfgeschneiderte Programme auch f\u00fcr kleinere Gruppen.<br \/>\nAuch im Businessbereich zieht Saverne dank der guten Erreichbarkeit und der zahlreichen Kongress- und Seminarm\u00f6glichkeiten, vor allem in der wundersch\u00f6nen Kulisse des Rohan-Schlosses, viele Besucher an.<\/p>\n        <\/div>\r\n    <\/div>\r\n<\/section>\n\n\r\n<section id=\"block-subpages-grid-block_5cd9ae5b66400\" class=\"block-g block-subpages block-items items-grid no-ajax alignfull\">\r\n            <h4 class=\"text-center text-uppercase mb-5\">5 Kategorien<\/h4>\r\n        <div class=\"container\">\r\n        <div class=\"items-grid-content row\">\r\n                                                \r\n                                            <div class=\"col-12 col-lg-4\">\r\n                            <a class=\"item d-block\" href=\"https:\/\/www.tourisme-saverne.fr\/de\/gruppen\/fuehrungen\/\">\r\n                                <div class=\"item-content\">\r\n                                    <div class=\"top\">\r\n                                        <div class=\"img-wrap\"><figure  class=\"d-block img-fluid w-100 fit-cover\">\n        <picture>\n                                        <source data-srcset=\"https:\/\/www.tourisme-saverne.fr\/wp-content\/uploads\/2021\/02\/excursions-adobe-stock-am-780x438.jpeg.webp\" media=\"(max-width: 420px\" \/>\n                            <source data-srcset=\"https:\/\/www.tourisme-saverne.fr\/wp-content\/uploads\/2021\/02\/excursions-adobe-stock-am-950x534.jpeg.webp\" media=\"(max-width: 980px\" \/>\n                    \n        <img  class='lazy'            width=\"436\"\n            height=\"277\"\n            data-src=\"https:\/\/www.tourisme-saverne.fr\/wp-content\/uploads\/2021\/02\/excursions-adobe-stock-am-436x277.jpeg.webp\"\n            alt=\"\"\n        \/>\n        <\/picture>\n    <\/figure>\n<\/div>                                    <\/div>\r\n                                    <div class=\"content\">\r\n                                        <h3 class=\"text-uppercase\">F\u00fchrungen<\/h3>\r\n                                    <\/div>\r\n                                <\/div>\r\n                            <\/a>\r\n                        <\/div>\r\n                                                        \r\n                                            <div class=\"col-12 col-lg-4\">\r\n                            <a class=\"item d-block\" href=\"https:\/\/www.tourisme-saverne.fr\/de\/gruppen\/ausfluege\/\">\r\n                                <div class=\"item-content\">\r\n                                    <div class=\"top\">\r\n                                        <div class=\"img-wrap\"><figure  class=\"d-block img-fluid w-100 fit-cover\">\n        <picture>\n                                        <source data-srcset=\"https:\/\/www.tourisme-saverne.fr\/wp-content\/uploads\/2024\/03\/excursions-julia-sudnitskaya-780x438.jpg.webp\" media=\"(max-width: 420px\" \/>\n                            <source data-srcset=\"https:\/\/www.tourisme-saverne.fr\/wp-content\/uploads\/2024\/03\/excursions-julia-sudnitskaya-950x534.jpg.webp\" media=\"(max-width: 980px\" \/>\n                    \n        <img  class='lazy'            width=\"436\"\n            height=\"277\"\n            data-src=\"https:\/\/www.tourisme-saverne.fr\/wp-content\/uploads\/2024\/03\/excursions-julia-sudnitskaya-436x277.jpg.webp\"\n            alt=\"\"\n        \/>\n        <\/picture>\n    <\/figure>\n<\/div>                                    <\/div>\r\n                                    <div class=\"content\">\r\n                                        <h3 class=\"text-uppercase\">Ausfl\u00fcge<\/h3>\r\n                                    <\/div>\r\n                                <\/div>\r\n                            <\/a>\r\n                        <\/div>\r\n                                                        \r\n                                            <div class=\"col-12 col-lg-4\">\r\n                            <a class=\"item d-block\" href=\"https:\/\/www.tourisme-saverne.fr\/de\/gruppen\/aufenthalte\/\">\r\n                                <div class=\"item-content\">\r\n                                    <div class=\"top\">\r\n                                        <div class=\"img-wrap\"><figure  class=\"d-block img-fluid w-100 fit-cover\">\n        <picture>\n                                        <source data-srcset=\"https:\/\/www.tourisme-saverne.fr\/wp-content\/uploads\/2019\/05\/SEJOUR-780x438.jpg.webp\" media=\"(max-width: 420px\" \/>\n                            <source data-srcset=\"https:\/\/www.tourisme-saverne.fr\/wp-content\/uploads\/2019\/05\/SEJOUR-950x534.jpg.webp\" media=\"(max-width: 980px\" \/>\n                    \n        <img  class='lazy'            width=\"436\"\n            height=\"277\"\n            data-src=\"https:\/\/www.tourisme-saverne.fr\/wp-content\/uploads\/2019\/05\/SEJOUR-436x277.jpg.webp\"\n            alt=\"\"\n        \/>\n        <\/picture>\n    <\/figure>\n<\/div>                                    <\/div>\r\n                                    <div class=\"content\">\r\n                                        <h3 class=\"text-uppercase\">Aufenthalte<\/h3>\r\n                                    <\/div>\r\n                                <\/div>\r\n                            <\/a>\r\n                        <\/div>\r\n                                                        \r\n                                            <div class=\"col-12 col-lg-4\">\r\n                            <a class=\"item d-block\" href=\"https:\/\/www.tourisme-saverne.fr\/de\/gruppen\/kleine-gruppen\/\">\r\n                                <div class=\"item-content\">\r\n                                    <div class=\"top\">\r\n                                        <div class=\"img-wrap\"><figure  class=\"d-block img-fluid w-100 fit-cover\">\n        <picture>\n                                        <source data-srcset=\"https:\/\/www.tourisme-saverne.fr\/wp-content\/uploads\/2021\/02\/visites-guidees-adobe-stock-tijana-780x438.jpeg.webp\" media=\"(max-width: 420px\" \/>\n                            <source data-srcset=\"https:\/\/www.tourisme-saverne.fr\/wp-content\/uploads\/2021\/02\/visites-guidees-adobe-stock-tijana-950x534.jpeg.webp\" media=\"(max-width: 980px\" \/>\n                    \n        <img  class='lazy'            width=\"436\"\n            height=\"277\"\n            data-src=\"https:\/\/www.tourisme-saverne.fr\/wp-content\/uploads\/2021\/02\/visites-guidees-adobe-stock-tijana-436x277.jpeg.webp\"\n            alt=\"\"\n        \/>\n        <\/picture>\n    <\/figure>\n<\/div>                                    <\/div>\r\n                                    <div class=\"content\">\r\n                                        <h3 class=\"text-uppercase\">Kleine Gruppen<\/h3>\r\n                                    <\/div>\r\n                                <\/div>\r\n                            <\/a>\r\n                        <\/div>\r\n                                                        \r\n                                            <div class=\"col-12 col-lg-4\">\r\n                            <a class=\"item d-block\" href=\"https:\/\/www.tourisme-saverne.fr\/de\/gruppen\/kongresse-seminare\/\">\r\n                                <div class=\"item-content\">\r\n                                    <div class=\"top\">\r\n                                        <div class=\"img-wrap\"><figure  class=\"d-block img-fluid w-100 fit-cover\">\n        <picture>\n                                        <source data-srcset=\"https:\/\/www.tourisme-saverne.fr\/wp-content\/uploads\/2019\/05\/SEMINAIRES-780x438.jpg.webp\" media=\"(max-width: 420px\" \/>\n                            <source data-srcset=\"https:\/\/www.tourisme-saverne.fr\/wp-content\/uploads\/2019\/05\/SEMINAIRES-950x534.jpg.webp\" media=\"(max-width: 980px\" \/>\n                    \n        <img  class='lazy'            width=\"436\"\n            height=\"277\"\n            data-src=\"https:\/\/www.tourisme-saverne.fr\/wp-content\/uploads\/2019\/05\/SEMINAIRES-436x277.jpg.webp\"\n            alt=\"\"\n        \/>\n        <\/picture>\n    <\/figure>\n<\/div>                                    <\/div>\r\n                                    <div class=\"content\">\r\n                                        <h3 class=\"text-uppercase\">Kongresse &#038; Seminare<\/h3>\r\n                                    <\/div>\r\n                                <\/div>\r\n                            <\/a>\r\n                        <\/div>\r\n                                                        <\/div>\r\n    <\/div>\r\n<\/section>\r\n\r\n","protected":false},"excerpt":{"rendered":"","protected":false},"author":1,"featured_media":312,"parent":0,"menu_order":144,"comment_status":"closed","ping_status":"closed","template":"templates\/groupes.php","meta":{"_seopress_robots_primary_cat":"","_seopress_titles_title":"","_seopress_titles_desc":"","_seopress_robots_index":"","footnotes":""},"class_list":["post-1380","page","type-page","status-publish","has-post-thumbnail","hentry"],"acf":[],"_links":{"self":[{"href":"https:\/\/www.tourisme-saverne.fr\/de\/wp-json\/wp\/v2\/pages\/1380","targetHints":{"allow":["GET"]}}],"collection":[{"href":"https:\/\/www.tourisme-saverne.fr\/de\/wp-json\/wp\/v2\/pages"}],"about":[{"href":"https:\/\/www.tourisme-saverne.fr\/de\/wp-json\/wp\/v2\/types\/page"}],"author":[{"embeddable":true,"href":"https:\/\/www.tourisme-saverne.fr\/de\/wp-json\/wp\/v2\/users\/1"}],"replies":[{"embeddable":true,"href":"https:\/\/www.tourisme-saverne.fr\/de\/wp-json\/wp\/v2\/comments?post=1380"}],"version-history":[{"count":5,"href":"https:\/\/www.tourisme-saverne.fr\/de\/wp-json\/wp\/v2\/pages\/1380\/revisions"}],"predecessor-version":[{"id":3578,"href":"https:\/\/www.tourisme-saverne.fr\/de\/wp-json\/wp\/v2\/pages\/1380\/revisions\/3578"}],"wp:featuredmedia":[{"embeddable":true,"href":"https:\/\/www.tourisme-saverne.fr\/de\/wp-json\/wp\/v2\/media\/312"}],"wp:attachment":[{"href":"https:\/\/www.tourisme-saverne.fr\/de\/wp-json\/wp\/v2\/media?parent=1380"}],"curies":[{"name":"wp","href":"https:\/\/api.w.org\/{rel}","templated":true}]}}