{"id":1409,"date":"2019-07-15T16:55:20","date_gmt":"2019-07-15T14:55:20","guid":{"rendered":"https:\/\/www.tourisme-saverne.fr\/?page_id=1409"},"modified":"2019-07-18T10:35:27","modified_gmt":"2019-07-18T08:35:27","slug":"so-kommen-sie-nach-saverne","status":"publish","type":"page","link":"https:\/\/www.tourisme-saverne.fr\/de\/so-kommen-sie-nach-saverne\/","title":{"rendered":"So kommen Sie nach Saverne"},"content":{"rendered":"<section id=\"block-intro-block_5ce425f7714c0\" class=\"block-g block-intro alignfull\">\r\n    <div class=\"container\">\r\n        <div class=\"content\">\r\n                        <p>Das Pays de Saverne liegt inmitten der els\u00e4ssischen Ebene und der Lothringer Hochebene dank der TGV-Strecke Est Europ\u00e9en nur zwei Stunden von Paris und gerade einmal 40 Minuten Fahrt von Stra\u00dfburg entfernt. Ein authentischer und gesch\u00fctzter Ort als Eingangstor zum Elsass&#8230;<\/p>\n        <\/div>\r\n    <\/div>\r\n<\/section>\n\n<section id=\"block-intro-block_5ce51df7a7f83\" class=\"block-g block-access alignfull\">\r\n    <div class=\"container\">\r\n        <div class=\"content\">\r\n            <h2 class=\"block-title text-center\">\r\n                                So kommen Sie nach <strong>Saverne ?<\/strong>                            <\/h2>\r\n\r\n                            <div class=\"row\">\r\n                                    <div class=\"col-12 col-md-6 offset-md-3\">\r\n                        <div class=\"media mt-5 mb-5\">\r\n                            <figure  class=\"mr-4 rounded-circle\">\n            \n        <img  class='lazy'            width=\"200\"\n            height=\"200\"\n            data-src=\"https:\/\/www.tourisme-saverne.fr\/wp-content\/uploads\/2019\/05\/tgv.png-200x200.webp\"\n            alt=\"\"\n        \/>\n    <\/figure>\n                            <div class=\"media-body\">\r\n                                <h3 class=\"title h3 text-uppercase\">MIT DEM ZUG<\/h3>\r\n                                <p class=\"subtitle h6\">Bahnhof mit TGV-Anschluss<\/p>\r\n                                <div class=\"description\"><p>Kaufen Sie einen Fahrschein nach Saverne-Bahnhof (TGV-Stop).<br \/>\n<a href=\"http:\/\/www.voyages-sncf.com\/\" target=\"_blank\" rel=\"noopener\">www.voyages-sncf.com<\/a><\/p>\n<\/div>\r\n                            <\/div>\r\n                        <\/div>\r\n                    <\/div>\r\n                                    <div class=\"col-12 col-md-6 offset-md-3\">\r\n                        <div class=\"media mt-5 mb-5\">\r\n                            <figure  class=\"mr-4 rounded-circle\">\n            \n        <img  class='lazy'            width=\"200\"\n            height=\"200\"\n            data-src=\"https:\/\/www.tourisme-saverne.fr\/wp-content\/uploads\/2019\/05\/avion.png-200x200.webp\"\n            alt=\"\"\n        \/>\n    <\/figure>\n                            <div class=\"media-body\">\r\n                                <h3 class=\"title h3 text-uppercase\">MIT DEM FLUGZEUG<\/h3>\r\n                                <p class=\"subtitle h6\">Flughafen Stra\u00dfburg<\/p>\r\n                                <div class=\"description\"><p>35 km von Saverne entfernt<br \/>\nTel. +33 (0)3 88 64 67 67<br \/>\n<a href=\"http:\/\/www.strasbourg.aeroport.fr\/\" target=\"_blank\" rel=\"noopener\">www.strasbourg.aeroport.fr<\/a><\/p>\n<\/div>\r\n                            <\/div>\r\n                        <\/div>\r\n                    <\/div>\r\n                                    <div class=\"col-12 col-md-6 offset-md-3\">\r\n                        <div class=\"media mt-5 mb-5\">\r\n                            <figure  class=\"mr-4 rounded-circle\">\n            \n        <img  class='lazy'            width=\"200\"\n            height=\"200\"\n            data-src=\"https:\/\/www.tourisme-saverne.fr\/wp-content\/uploads\/2019\/05\/route.png-200x200.webp\"\n            alt=\"\"\n        \/>\n    <\/figure>\n                            <div class=\"media-body\">\r\n                                <h3 class=\"title h3 text-uppercase\">MIT DEM AUTO<\/h3>\r\n                                <p class=\"subtitle h6\"><\/p>\r\n                                <div class=\"description\"><p>\u00dcber die Autobahn A4.<br \/>\nAusfahrt 5 &#8211; Saverne (Autobahn geb\u00fchrenpflichtig).<\/p>\n<\/div>\r\n                            <\/div>\r\n                        <\/div>\r\n                    <\/div>\r\n                                <\/div>\r\n                    <\/div>\r\n    <\/div>\r\n<\/section>","protected":false},"excerpt":{"rendered":"","protected":false},"author":1,"featured_media":306,"parent":0,"menu_order":60,"comment_status":"closed","ping_status":"closed","template":"","meta":{"_seopress_robots_primary_cat":"","_seopress_titles_title":"","_seopress_titles_desc":"","_seopress_robots_index":"","footnotes":""},"class_list":["post-1409","page","type-page","status-publish","has-post-thumbnail","hentry"],"acf":[],"_links":{"self":[{"href":"https:\/\/www.tourisme-saverne.fr\/de\/wp-json\/wp\/v2\/pages\/1409","targetHints":{"allow":["GET"]}}],"collection":[{"href":"https:\/\/www.tourisme-saverne.fr\/de\/wp-json\/wp\/v2\/pages"}],"about":[{"href":"https:\/\/www.tourisme-saverne.fr\/de\/wp-json\/wp\/v2\/types\/page"}],"author":[{"embeddable":true,"href":"https:\/\/www.tourisme-saverne.fr\/de\/wp-json\/wp\/v2\/users\/1"}],"replies":[{"embeddable":true,"href":"https:\/\/www.tourisme-saverne.fr\/de\/wp-json\/wp\/v2\/comments?post=1409"}],"version-history":[{"count":9,"href":"https:\/\/www.tourisme-saverne.fr\/de\/wp-json\/wp\/v2\/pages\/1409\/revisions"}],"predecessor-version":[{"id":1525,"href":"https:\/\/www.tourisme-saverne.fr\/de\/wp-json\/wp\/v2\/pages\/1409\/revisions\/1525"}],"wp:featuredmedia":[{"embeddable":true,"href":"https:\/\/www.tourisme-saverne.fr\/de\/wp-json\/wp\/v2\/media\/306"}],"wp:attachment":[{"href":"https:\/\/www.tourisme-saverne.fr\/de\/wp-json\/wp\/v2\/media?parent=1409"}],"curies":[{"name":"wp","href":"https:\/\/api.w.org\/{rel}","templated":true}]}}